{"id":28,"date":"2024-11-14T14:29:51","date_gmt":"2024-11-14T13:29:51","guid":{"rendered":"http:\/\/nk-creations.fr\/?page_id=28"},"modified":"2024-11-15T22:25:40","modified_gmt":"2024-11-15T21:25:40","slug":"accueil","status":"publish","type":"page","link":"https:\/\/nk-creations.fr\/","title":{"rendered":"Accueil"},"content":{"rendered":"\n<p>Cr\u00e9ations cousues et\/ou brod\u00e9es \u00e0 la main, personnalisation des pi\u00e8ces selon vos envies. <\/p>\n\n\n\n<p>Cours de broderie \u00ab\u00a0loisir\u00a0\u00bb \u00e0 la s\u00e9ance, pour particuliers ou en groupes.<\/p>\n","protected":false},"excerpt":{"rendered":"<p>Cr\u00e9ations cousues et\/ou brod\u00e9es \u00e0 la main, personnalisation des pi\u00e8ces selon vos envies. Cours de broderie \u00ab\u00a0loisir\u00a0\u00bb \u00e0 la s\u00e9ance, pour particuliers ou en groupes.<\/p>\n","protected":false},"author":1,"featured_media":85,"parent":0,"menu_order":0,"comment_status":"closed","ping_status":"closed","template":"","meta":{"_monsterinsights_skip_tracking":false,"_monsterinsights_sitenote_active":false,"_monsterinsights_sitenote_note":"","_monsterinsights_sitenote_category":0,"footnotes":""},"class_list":["post-28","page","type-page","status-publish","has-post-thumbnail","hentry"],"_links":{"self":[{"href":"https:\/\/nk-creations.fr\/index.php?rest_route=\/wp\/v2\/pages\/28","targetHints":{"allow":["GET"]}}],"collection":[{"href":"https:\/\/nk-creations.fr\/index.php?rest_route=\/wp\/v2\/pages"}],"about":[{"href":"https:\/\/nk-creations.fr\/index.php?rest_route=\/wp\/v2\/types\/page"}],"author":[{"embeddable":true,"href":"https:\/\/nk-creations.fr\/index.php?rest_route=\/wp\/v2\/users\/1"}],"replies":[{"embeddable":true,"href":"https:\/\/nk-creations.fr\/index.php?rest_route=%2Fwp%2Fv2%2Fcomments&post=28"}],"version-history":[{"count":3,"href":"https:\/\/nk-creations.fr\/index.php?rest_route=\/wp\/v2\/pages\/28\/revisions"}],"predecessor-version":[{"id":56,"href":"https:\/\/nk-creations.fr\/index.php?rest_route=\/wp\/v2\/pages\/28\/revisions\/56"}],"wp:featuredmedia":[{"embeddable":true,"href":"https:\/\/nk-creations.fr\/index.php?rest_route=\/wp\/v2\/media\/85"}],"wp:attachment":[{"href":"https:\/\/nk-creations.fr\/index.php?rest_route=%2Fwp%2Fv2%2Fmedia&parent=28"}],"curies":[{"name":"wp","href":"https:\/\/api.w.org\/{rel}","templated":true}]}}