{"id":32,"date":"2024-11-14T14:29:51","date_gmt":"2024-11-14T13:29:51","guid":{"rendered":"http:\/\/nk-creations.fr\/?page_id=32"},"modified":"2025-07-21T02:41:24","modified_gmt":"2025-07-21T00:41:24","slug":"une-section-de-page-daccueil","status":"publish","type":"page","link":"https:\/\/nk-creations.fr\/?page_id=32","title":{"rendered":"La Broderie"},"content":{"rendered":"\n<p>Je travaille \u00e0 l&rsquo;aiguille ou au crochet de Lunn\u00e9ville, sur les mati\u00e8res souhait\u00e9es et avec le fil de votre choix. Habitu\u00e9 \u00e0 la soie perl\u00e9e et au moulin\u00e9 de coton, je peux aussi travailler les fils d&rsquo;or et d&rsquo;argent, ou encore perles, paillettes et fantaisies de votre choix.<\/p>\n\n\n\n<p>Chaque pi\u00e8ce est unique et r\u00e9alis\u00e9e par mes soins. je vous accompagne de l&rsquo;amorce du projet, \u00e0 sa livraison. ornementation de v\u00eatements, cadeaux de naissance, accessoires de mariage, tableaux brod\u00e9s\u2026 chaque pi\u00e8ce peut devenir unique dans votre chez vous.<\/p>\n\n\n\n<p>Je r\u00e9alise \u00e9galement des op\u00e9rations d&rsquo;amidonnage et montage de coiffes, du terroir de l&rsquo;Aven.<\/p>\n\n\n\n<p>Pour toute demande, contactez moi dans la section \u00ab\u00a0contact\u00a0\u00bb.<\/p>\n\n\n\n<figure class=\"wp-block-image size-large\"><img loading=\"lazy\" decoding=\"async\" width=\"1024\" height=\"1024\" src=\"http:\/\/nk-creations.fr\/wp-content\/uploads\/2025\/07\/482975102_17859669000376257_981094624758089358_n-1024x1024.jpg\" alt=\"\" class=\"wp-image-135\" srcset=\"https:\/\/nk-creations.fr\/wp-content\/uploads\/2025\/07\/482975102_17859669000376257_981094624758089358_n-1024x1024.jpg 1024w, https:\/\/nk-creations.fr\/wp-content\/uploads\/2025\/07\/482975102_17859669000376257_981094624758089358_n-300x300.jpg 300w, https:\/\/nk-creations.fr\/wp-content\/uploads\/2025\/07\/482975102_17859669000376257_981094624758089358_n-150x150.jpg 150w, https:\/\/nk-creations.fr\/wp-content\/uploads\/2025\/07\/482975102_17859669000376257_981094624758089358_n-768x768.jpg 768w, https:\/\/nk-creations.fr\/wp-content\/uploads\/2025\/07\/482975102_17859669000376257_981094624758089358_n-100x100.jpg 100w, https:\/\/nk-creations.fr\/wp-content\/uploads\/2025\/07\/482975102_17859669000376257_981094624758089358_n.jpg 1080w\" sizes=\"auto, (max-width: 767px) 89vw, (max-width: 1000px) 54vw, (max-width: 1071px) 543px, 580px\" \/><figcaption class=\"wp-element-caption\">Tambours d&rsquo;alliance r\u00e9alis\u00e9s au crochet de Lunn\u00e9ville, <\/figcaption><\/figure>\n\n\n\n<figure class=\"wp-block-image size-large\"><img loading=\"lazy\" decoding=\"async\" width=\"940\" height=\"1024\" src=\"http:\/\/nk-creations.fr\/wp-content\/uploads\/2025\/07\/516178841_17874759783376257_5487378056870113848_n-940x1024.png\" alt=\"\" class=\"wp-image-137\" srcset=\"https:\/\/nk-creations.fr\/wp-content\/uploads\/2025\/07\/516178841_17874759783376257_5487378056870113848_n-940x1024.png 940w, https:\/\/nk-creations.fr\/wp-content\/uploads\/2025\/07\/516178841_17874759783376257_5487378056870113848_n-275x300.png 275w, https:\/\/nk-creations.fr\/wp-content\/uploads\/2025\/07\/516178841_17874759783376257_5487378056870113848_n-768x837.png 768w, https:\/\/nk-creations.fr\/wp-content\/uploads\/2025\/07\/516178841_17874759783376257_5487378056870113848_n.png 991w\" sizes=\"auto, (max-width: 767px) 89vw, (max-width: 1000px) 54vw, (max-width: 1071px) 543px, 580px\" \/><figcaption class=\"wp-element-caption\">gilet de mari\u00e9:\nbroderie \u00e0 l&rsquo;aiguille, fil d&rsquo;or et fil de soie.<\/figcaption><\/figure>\n\n\n\n<figure class=\"wp-block-image size-large\"><img loading=\"lazy\" decoding=\"async\" width=\"1024\" height=\"1024\" src=\"http:\/\/nk-creations.fr\/wp-content\/uploads\/2024\/11\/460661935_8197387060314800_475415715272764723_n-1024x1024.jpg\" alt=\"\" class=\"wp-image-84\" srcset=\"https:\/\/nk-creations.fr\/wp-content\/uploads\/2024\/11\/460661935_8197387060314800_475415715272764723_n-1024x1024.jpg 1024w, https:\/\/nk-creations.fr\/wp-content\/uploads\/2024\/11\/460661935_8197387060314800_475415715272764723_n-300x300.jpg 300w, https:\/\/nk-creations.fr\/wp-content\/uploads\/2024\/11\/460661935_8197387060314800_475415715272764723_n-150x150.jpg 150w, https:\/\/nk-creations.fr\/wp-content\/uploads\/2024\/11\/460661935_8197387060314800_475415715272764723_n-768x768.jpg 768w, https:\/\/nk-creations.fr\/wp-content\/uploads\/2024\/11\/460661935_8197387060314800_475415715272764723_n-100x100.jpg 100w, https:\/\/nk-creations.fr\/wp-content\/uploads\/2024\/11\/460661935_8197387060314800_475415715272764723_n.jpg 1080w\" sizes=\"auto, (max-width: 767px) 89vw, (max-width: 1000px) 54vw, (max-width: 1071px) 543px, 580px\" \/><figcaption class=\"wp-element-caption\">Echarpe brod\u00e9e \u00e0 l&rsquo;aiguille au fil d&rsquo;or, motif personnalis\u00e9.<\/figcaption><\/figure>\n","protected":false},"excerpt":{"rendered":"<p>Je travaille \u00e0 l&rsquo;aiguille ou au crochet de Lunn\u00e9ville, sur les mati\u00e8res souhait\u00e9es et avec le fil de votre choix. Habitu\u00e9 \u00e0 la soie perl\u00e9e et au moulin\u00e9 de coton, je peux aussi travailler les fils d&rsquo;or et d&rsquo;argent, ou encore perles, paillettes et fantaisies de votre choix. Chaque pi\u00e8ce est unique et r\u00e9alis\u00e9e par &hellip; <\/p>\n<p class=\"link-more\"><a href=\"https:\/\/nk-creations.fr\/?page_id=32\" class=\"more-link\">Continuer la lecture<span class=\"screen-reader-text\"> de &laquo;&nbsp;La Broderie&nbsp;&raquo;<\/span><\/a><\/p>\n","protected":false},"author":1,"featured_media":78,"parent":0,"menu_order":0,"comment_status":"closed","ping_status":"closed","template":"","meta":{"_monsterinsights_skip_tracking":false,"_monsterinsights_sitenote_active":false,"_monsterinsights_sitenote_note":"","_monsterinsights_sitenote_category":0,"footnotes":""},"class_list":["post-32","page","type-page","status-publish","has-post-thumbnail","hentry"],"_links":{"self":[{"href":"https:\/\/nk-creations.fr\/index.php?rest_route=\/wp\/v2\/pages\/32","targetHints":{"allow":["GET"]}}],"collection":[{"href":"https:\/\/nk-creations.fr\/index.php?rest_route=\/wp\/v2\/pages"}],"about":[{"href":"https:\/\/nk-creations.fr\/index.php?rest_route=\/wp\/v2\/types\/page"}],"author":[{"embeddable":true,"href":"https:\/\/nk-creations.fr\/index.php?rest_route=\/wp\/v2\/users\/1"}],"replies":[{"embeddable":true,"href":"https:\/\/nk-creations.fr\/index.php?rest_route=%2Fwp%2Fv2%2Fcomments&post=32"}],"version-history":[{"count":4,"href":"https:\/\/nk-creations.fr\/index.php?rest_route=\/wp\/v2\/pages\/32\/revisions"}],"predecessor-version":[{"id":141,"href":"https:\/\/nk-creations.fr\/index.php?rest_route=\/wp\/v2\/pages\/32\/revisions\/141"}],"wp:featuredmedia":[{"embeddable":true,"href":"https:\/\/nk-creations.fr\/index.php?rest_route=\/wp\/v2\/media\/78"}],"wp:attachment":[{"href":"https:\/\/nk-creations.fr\/index.php?rest_route=%2Fwp%2Fv2%2Fmedia&parent=32"}],"curies":[{"name":"wp","href":"https:\/\/api.w.org\/{rel}","templated":true}]}}