{"id":91,"date":"2024-11-14T16:09:27","date_gmt":"2024-11-14T15:09:27","guid":{"rendered":"http:\/\/nk-creations.fr\/?page_id=91"},"modified":"2026-02-24T02:47:07","modified_gmt":"2026-02-24T01:47:07","slug":"les-cours","status":"publish","type":"page","link":"https:\/\/nk-creations.fr\/?page_id=91","title":{"rendered":"Les ateliers et initiations"},"content":{"rendered":"\n<p>\u00ab\u00a0Transmettre, perfectionner, se faire plaisir ensemble.\u00a0\u00bb <\/p>\n\n\n\n<p>Les ateliers de broderie sont d&rsquo;abord de l&rsquo;initiation, puis du perfectionnement, a la hauteur de ce que chaque participant recherche. lors de votre inscription, nous \u00e9changeons sur le projet que vous avez en cours ou que vous souhaitez r\u00e9aliser.<\/p>\n\n\n\n<p>Des mod\u00e8les sont \u00e9galement disponibles lors des s\u00e9ances d&rsquo;initiation.<\/p>\n\n\n\n<p>si vous \u00eates int\u00e9ress\u00e9s, vous pouvez me contacter dans le menu \u00ab\u00a0contact\u00a0\u00bb.<\/p>\n\n\n\n<figure class=\"wp-block-gallery has-nested-images columns-default is-cropped wp-block-gallery-1 is-layout-flex wp-block-gallery-is-layout-flex\">\n<figure class=\"wp-block-image size-large\"><img loading=\"lazy\" decoding=\"async\" width=\"1024\" height=\"1024\" data-id=\"127\" src=\"http:\/\/nk-creations.fr\/wp-content\/uploads\/2025\/07\/1-1024x1024.png\" alt=\"\" class=\"wp-image-127\" srcset=\"https:\/\/nk-creations.fr\/wp-content\/uploads\/2025\/07\/1-1024x1024.png 1024w, https:\/\/nk-creations.fr\/wp-content\/uploads\/2025\/07\/1-300x300.png 300w, https:\/\/nk-creations.fr\/wp-content\/uploads\/2025\/07\/1-150x150.png 150w, https:\/\/nk-creations.fr\/wp-content\/uploads\/2025\/07\/1-768x768.png 768w, https:\/\/nk-creations.fr\/wp-content\/uploads\/2025\/07\/1-100x100.png 100w, https:\/\/nk-creations.fr\/wp-content\/uploads\/2025\/07\/1.png 1080w\" sizes=\"auto, (max-width: 767px) 89vw, (max-width: 1000px) 54vw, (max-width: 1071px) 543px, 580px\" \/><\/figure>\n\n\n\n<figure class=\"wp-block-image size-large\"><img loading=\"lazy\" decoding=\"async\" width=\"1024\" height=\"1024\" data-id=\"126\" src=\"http:\/\/nk-creations.fr\/wp-content\/uploads\/2025\/07\/2-1024x1024.png\" alt=\"\" class=\"wp-image-126\" srcset=\"https:\/\/nk-creations.fr\/wp-content\/uploads\/2025\/07\/2-1024x1024.png 1024w, https:\/\/nk-creations.fr\/wp-content\/uploads\/2025\/07\/2-300x300.png 300w, https:\/\/nk-creations.fr\/wp-content\/uploads\/2025\/07\/2-150x150.png 150w, https:\/\/nk-creations.fr\/wp-content\/uploads\/2025\/07\/2-768x768.png 768w, https:\/\/nk-creations.fr\/wp-content\/uploads\/2025\/07\/2-100x100.png 100w, https:\/\/nk-creations.fr\/wp-content\/uploads\/2025\/07\/2.png 1080w\" sizes=\"auto, (max-width: 767px) 89vw, (max-width: 1000px) 54vw, (max-width: 1071px) 543px, 580px\" \/><\/figure>\n<\/figure>\n","protected":false},"excerpt":{"rendered":"<p>\u00ab\u00a0Transmettre, perfectionner, se faire plaisir ensemble.\u00a0\u00bb Les ateliers de broderie sont d&rsquo;abord de l&rsquo;initiation, puis du perfectionnement, a la hauteur de ce que chaque participant recherche. lors de votre inscription, nous \u00e9changeons sur le projet que vous avez en cours ou que vous souhaitez r\u00e9aliser. Des mod\u00e8les sont \u00e9galement disponibles lors des s\u00e9ances d&rsquo;initiation. si &hellip; <\/p>\n<p class=\"link-more\"><a href=\"https:\/\/nk-creations.fr\/?page_id=91\" class=\"more-link\">Continuer la lecture<span class=\"screen-reader-text\"> de &laquo;&nbsp;Les ateliers et initiations&nbsp;&raquo;<\/span><\/a><\/p>\n","protected":false},"author":1,"featured_media":128,"parent":0,"menu_order":0,"comment_status":"closed","ping_status":"closed","template":"","meta":{"_monsterinsights_skip_tracking":false,"_monsterinsights_sitenote_active":false,"_monsterinsights_sitenote_note":"","_monsterinsights_sitenote_category":0,"footnotes":""},"class_list":["post-91","page","type-page","status-publish","has-post-thumbnail","hentry"],"_links":{"self":[{"href":"https:\/\/nk-creations.fr\/index.php?rest_route=\/wp\/v2\/pages\/91","targetHints":{"allow":["GET"]}}],"collection":[{"href":"https:\/\/nk-creations.fr\/index.php?rest_route=\/wp\/v2\/pages"}],"about":[{"href":"https:\/\/nk-creations.fr\/index.php?rest_route=\/wp\/v2\/types\/page"}],"author":[{"embeddable":true,"href":"https:\/\/nk-creations.fr\/index.php?rest_route=\/wp\/v2\/users\/1"}],"replies":[{"embeddable":true,"href":"https:\/\/nk-creations.fr\/index.php?rest_route=%2Fwp%2Fv2%2Fcomments&post=91"}],"version-history":[{"count":3,"href":"https:\/\/nk-creations.fr\/index.php?rest_route=\/wp\/v2\/pages\/91\/revisions"}],"predecessor-version":[{"id":130,"href":"https:\/\/nk-creations.fr\/index.php?rest_route=\/wp\/v2\/pages\/91\/revisions\/130"}],"wp:featuredmedia":[{"embeddable":true,"href":"https:\/\/nk-creations.fr\/index.php?rest_route=\/wp\/v2\/media\/128"}],"wp:attachment":[{"href":"https:\/\/nk-creations.fr\/index.php?rest_route=%2Fwp%2Fv2%2Fmedia&parent=91"}],"curies":[{"name":"wp","href":"https:\/\/api.w.org\/{rel}","templated":true}]}}